{"id":71,"date":"2023-10-15T12:37:09","date_gmt":"2023-10-15T15:37:09","guid":{"rendered":"https:\/\/clinicapieytobillo.com\/?page_id=71"},"modified":"2024-01-25T10:49:44","modified_gmt":"2024-01-25T13:49:44","slug":"nosotros","status":"publish","type":"page","link":"https:\/\/clinicapieytobillo.com\/?page_id=71","title":{"rendered":"Nosotros"},"content":{"rendered":"<p>[et_pb_section fb_built=\u00bb1&#8243; _builder_version=\u00bb4.24.0&#8243; _module_preset=\u00bbdefault\u00bb global_colors_info=\u00bb{}\u00bb][et_pb_row column_structure=\u00bb2_5,3_5&#8243; _builder_version=\u00bb4.24.0&#8243; _module_preset=\u00bbdefault\u00bb global_colors_info=\u00bb{}\u00bb][et_pb_column type=\u00bb2_5&#8243; _builder_version=\u00bb4.24.0&#8243; _module_preset=\u00bbdefault\u00bb global_colors_info=\u00bb{}\u00bb][et_pb_image src=\u00bbhttp:\/\/clinicapieytobillo.com\/wp-content\/uploads\/2024\/01\/Clinica_pie_y_tobillo_quirofano.jpg\u00bb title_text=\u00bbClinica_pie_y_tobillo_quirofano\u00bb _builder_version=\u00bb4.24.0&#8243; _module_preset=\u00bbdefault\u00bb animation_style=\u00bbfade\u00bb global_colors_info=\u00bb{}\u00bb][\/et_pb_image][\/et_pb_column][et_pb_column type=\u00bb3_5&#8243; _builder_version=\u00bb4.24.0&#8243; _module_preset=\u00bbdefault\u00bb global_colors_info=\u00bb{}\u00bb][et_pb_text _builder_version=\u00bb4.24.0&#8243; _module_preset=\u00bba949852c-28c5-43b7-8335-1fd10341f298&#8243; header_2_font=\u00bbBodoni Moda|700|||||||\u00bb header_2_text_color=\u00bb#1D5F7A\u00bb header_2_font_size=\u00bb60px\u00bb custom_margin=\u00bb||||false|false\u00bb hover_enabled=\u00bb0&#8243; header_2_font_size_phone=\u00bb26px\u00bb locked=\u00bboff\u00bb global_colors_info=\u00bb{}\u00bb sticky_enabled=\u00bb0&#8243; header_2_font_size_last_edited=\u00bbon|phone\u00bb header_2_font_size_tablet=\u00bb40px\u00bb]<\/p>\n<h2>\u00bfQui\u00e9nes somos?<\/h2>\n<p>[\/et_pb_text][et_pb_text _builder_version=\u00bb4.23.4&#8243; _module_preset=\u00bbd170775f-49d6-4f55-adf2-bd228cd325e3&#8243; text_font=\u00bbWork Sans||||||||\u00bb text_font_size=\u00bb18px\u00bb text_line_height=\u00bb1.8em\u00bb header_4_font=\u00bbWork Sans|600|||||||\u00bb header_4_font_size=\u00bb18px\u00bb header_4_line_height=\u00bb1.8em\u00bb text_orientation=\u00bbjustified\u00bb custom_margin=\u00bb||||false|false\u00bb custom_padding=\u00bb||||false|false\u00bb text_font_size_tablet=\u00bb15px\u00bb text_font_size_phone=\u00bb14px\u00bb text_font_size_last_edited=\u00bbon|desktop\u00bb locked=\u00bboff\u00bb global_colors_info=\u00bb{%22gcid-1b9885b1-d5db-4c39-ab49-d8f90e824600%22:%91%22header_4_text_color%22%93}\u00bb]<\/p>\n<h4>Somos el grupo formado por m\u00e9dicos y cirujanos en Santander m\u00e1s especializado en el tratamiento de las lesiones de pie y tobillo.<\/h4>\n<p>[\/et_pb_text][et_pb_text _builder_version=\u00bb4.23.4&#8243; _module_preset=\u00bb65cfa8f3-2cc2-4d58-9264-86d6c40531f1&#8243; text_font_size=\u00bb18px\u00bb text_orientation=\u00bbjustified\u00bb custom_margin=\u00bb||||false|false\u00bb custom_padding=\u00bb||||false|false\u00bb text_font_size_tablet=\u00bb18px\u00bb text_font_size_phone=\u00bb18px\u00bb text_font_size_last_edited=\u00bbon|desktop\u00bb locked=\u00bboff\u00bb global_colors_info=\u00bb{}\u00bb]<\/p>\n<p>Damos valor al rigor, la profesionalidad y la posibilidad de ofrecer, desde nuestra amplia experiencia, el tratamiento m\u00e1s adecuado para cada paciente.<\/p>\n<p>Dirigimos nuestros esfuerzos y conocimiento para realizar un diagn\u00f3stico adecuado, apoy\u00e1ndonos en una adecuada exploraci\u00f3n biomec\u00e1nica. Personalizamos el tratamiento en funci\u00f3n de las lesiones y caracter\u00edsticas de cada paciente.<\/p>\n<p>[\/et_pb_text][et_pb_button button_text=\u00bbCont\u00e1ctanos\u00bb _builder_version=\u00bb4.23.4&#8243; _module_preset=\u00bbbe5eb826-fa62-4af4-a707-f44d22de502b\u00bb button_text_size=\u00bb15px\u00bb button_bg_color=\u00bb#FFFFFF\u00bb button_border_radius=\u00bb0px\u00bb button_letter_spacing=\u00bb2px\u00bb button_font=\u00bbBodoni Moda|600||on|||||\u00bb locked=\u00bboff\u00bb global_colors_info=\u00bb{%22gcid-555099d8-0bfe-48de-9d1d-02daa12bfc00%22:%91%22button_text_color%22,%22button_border_color%22%93}\u00bb button_bg_color__hover=\u00bb#65C9B9&#8243; button_bg_enable_color__hover=\u00bbon\u00bb button_text_color__hover_enabled=\u00bbon|hover\u00bb button_text_color__hover=\u00bb#FFFFFF\u00bb button_border_color__hover_enabled=\u00bbon|desktop\u00bb button_border_color__hover=\u00bb#FFFFFF\u00bb][\/et_pb_button][\/et_pb_column][\/et_pb_row][et_pb_row column_structure=\u00bb1_3,1_3,1_3&#8243; _builder_version=\u00bb4.24.0&#8243; _module_preset=\u00bbdefault\u00bb background_color=\u00bb#1D5F7A\u00bb width=\u00bb100%\u00bb max_width=\u00bb1088px\u00bb custom_margin=\u00bb||||false|false\u00bb custom_padding=\u00bb34px|35px|35px|35px|false|false\u00bb animation_style=\u00bbflip\u00bb global_colors_info=\u00bb{}\u00bb][et_pb_column type=\u00bb1_3&#8243; _builder_version=\u00bb4.24.0&#8243; _module_preset=\u00bbdefault\u00bb global_colors_info=\u00bb{}\u00bb][et_pb_blurb title=\u00bbSoluciones para los casos m\u00e1s complejos\u00bb image_icon_background_color=\u00bbRGBA(255,255,255,0)\u00bb image=\u00bbhttp:\/\/clinicapieytobillo.com\/wp-content\/uploads\/2023\/10\/crowdfunding-icons-2-dark-green.png\u00bb icon_placement=\u00bbleft\u00bb image_icon_width=\u00bb22px\u00bb content_max_width=\u00bb100%\u00bb image_icon_width_tablet=\u00bb22px\u00bb image_icon_width_phone=\u00bb20px\u00bb image_icon_width_last_edited=\u00bbon|tablet\u00bb _builder_version=\u00bb4.24.0&#8243; _module_preset=\u00bb8fb9350d-ef42-473d-92d7-8a3a25dbee4e\u00bb header_level=\u00bbh1&#8243; header_font=\u00bbBodoni Moda|800||on|||||\u00bb header_text_color=\u00bb#FFFFFF\u00bb header_font_size=\u00bb16px\u00bb header_letter_spacing=\u00bb2px\u00bb header_line_height=\u00bb1.2em\u00bb body_font=\u00bbWork Sans||||||||\u00bb body_text_color=\u00bb#FFFFFF\u00bb body_font_size=\u00bb15px\u00bb body_line_height=\u00bb1.6em\u00bb background_layout=\u00bbdark\u00bb custom_margin=\u00bb||||false|false\u00bb custom_margin_tablet=\u00bb||21px|||\u00bb custom_margin_phone=\u00bb|20px||20px|false|false\u00bb custom_margin_last_edited=\u00bbon|phone\u00bb custom_padding=\u00bb||0px|||\u00bb child_filter_hue_rotate=\u00bb359deg\u00bb child_filter_saturate=\u00bb200%\u00bb child_filter_brightness=\u00bb0%\u00bb child_filter_contrast=\u00bb200%\u00bb child_filter_invert=\u00bb100%\u00bb animation=\u00bboff\u00bb header_font_size_tablet=\u00bb14px\u00bb header_font_size_phone=\u00bb\u00bb header_font_size_last_edited=\u00bbon|phone\u00bb body_font_size_tablet=\u00bb\u00bb body_font_size_phone=\u00bb14px\u00bb body_font_size_last_edited=\u00bbon|phone\u00bb border_color_all_image=\u00bb#FFFFFF\u00bb border_color_right_image=\u00bb#EDF000&#8243; image_max_width=\u00bb22px\u00bb image_max_width_tablet=\u00bb22px\u00bb image_max_width_phone=\u00bb20px\u00bb image_max_width_last_edited=\u00bbon|tablet\u00bb global_colors_info=\u00bb{%22gcid-4721c02e-63da-4985-9f86-80b98bb29c52%22:%91%22header_text_color%22,%22header_text_color%22,%22header_text_color%22,%22header_text_color%22,%22header_text_color%22,%22header_text_color%22,%22header_text_color%22,%22header_text_color%22%93}\u00bb]<\/p>\n<p>Diagn\u00f3stico y exploraci\u00f3n detallados.<\/p>\n<p>[\/et_pb_blurb][\/et_pb_column][et_pb_column type=\u00bb1_3&#8243; _builder_version=\u00bb4.24.0&#8243; _module_preset=\u00bbdefault\u00bb global_colors_info=\u00bb{}\u00bb][et_pb_blurb title=\u00bbInnovaci\u00f3n y t\u00e9cnicas de vanguardia\u00bb image_icon_background_color=\u00bbRGBA(255,255,255,0)\u00bb image=\u00bbhttp:\/\/clinicapieytobillo.com\/wp-content\/uploads\/2023\/10\/crowdfunding-icons-1-dark-green.png\u00bb icon_placement=\u00bbleft\u00bb image_icon_width=\u00bb22px\u00bb content_max_width=\u00bb100%\u00bb image_icon_width_tablet=\u00bb22px\u00bb image_icon_width_phone=\u00bb20px\u00bb image_icon_width_last_edited=\u00bbon|tablet\u00bb _builder_version=\u00bb4.24.0&#8243; _module_preset=\u00bb8fb9350d-ef42-473d-92d7-8a3a25dbee4e\u00bb header_level=\u00bbh1&#8243; header_font=\u00bbBodoni Moda|800||on|||||\u00bb header_text_color=\u00bb#FFFFFF\u00bb header_font_size=\u00bb16px\u00bb header_letter_spacing=\u00bb2px\u00bb header_line_height=\u00bb1.2em\u00bb body_font=\u00bbWork Sans||||||||\u00bb body_text_color=\u00bb#FFFFFF\u00bb body_font_size=\u00bb15px\u00bb body_line_height=\u00bb1.6em\u00bb background_layout=\u00bbdark\u00bb custom_margin=\u00bb||||false|false\u00bb custom_margin_tablet=\u00bb||21px|||\u00bb custom_margin_phone=\u00bb|20px||20px|false|false\u00bb custom_margin_last_edited=\u00bbon|phone\u00bb custom_padding=\u00bb||0px|||\u00bb child_filter_hue_rotate=\u00bb359deg\u00bb child_filter_saturate=\u00bb200%\u00bb child_filter_brightness=\u00bb0%\u00bb child_filter_contrast=\u00bb200%\u00bb child_filter_invert=\u00bb100%\u00bb animation=\u00bboff\u00bb header_font_size_tablet=\u00bb14px\u00bb header_font_size_phone=\u00bb\u00bb header_font_size_last_edited=\u00bbon|phone\u00bb body_font_size_tablet=\u00bb\u00bb body_font_size_phone=\u00bb14px\u00bb body_font_size_last_edited=\u00bbon|phone\u00bb border_color_all_image=\u00bb#FFFFFF\u00bb border_color_right_image=\u00bb#EDF000&#8243; image_max_width=\u00bb22px\u00bb image_max_width_tablet=\u00bb22px\u00bb image_max_width_phone=\u00bb20px\u00bb image_max_width_last_edited=\u00bbon|tablet\u00bb locked=\u00bboff\u00bb global_colors_info=\u00bb{%22gcid-4721c02e-63da-4985-9f86-80b98bb29c52%22:%91%22header_text_color%22,%22header_text_color%22,%22header_text_color%22,%22header_text_color%22,%22header_text_color%22,%22header_text_color%22,%22header_text_color%22,%22header_text_color%22,%22header_text_color%22,%22header_text_color%22,%22header_text_color%22,%22header_text_color%22,%22header_text_color%22,%22header_text_color%22,%22header_text_color%22,%22header_text_color%22,%22header_text_color%22,%22header_text_color%22,%22header_text_color%22%93}\u00bb]<\/p>\n<p>Herramientas avanzadas para una recuperaci\u00f3n \u00f3ptima.<\/p>\n<p>[\/et_pb_blurb][\/et_pb_column][et_pb_column type=\u00bb1_3&#8243; _builder_version=\u00bb4.24.0&#8243; _module_preset=\u00bbdefault\u00bb global_colors_info=\u00bb{}\u00bb][et_pb_blurb title=\u00bbExcelencia en cirug\u00eda de pie y tobillo\u00bb image_icon_background_color=\u00bbRGBA(255,255,255,0)\u00bb image=\u00bbhttp:\/\/clinicapieytobillo.com\/wp-content\/uploads\/2023\/10\/crowdfunding-icons-16-dark-green.png\u00bb icon_placement=\u00bbleft\u00bb image_icon_width=\u00bb22px\u00bb content_max_width=\u00bb100%\u00bb image_icon_width_tablet=\u00bb22px\u00bb image_icon_width_phone=\u00bb20px\u00bb image_icon_width_last_edited=\u00bbon|tablet\u00bb _builder_version=\u00bb4.24.0&#8243; _module_preset=\u00bb8fb9350d-ef42-473d-92d7-8a3a25dbee4e\u00bb header_level=\u00bbh1&#8243; header_font=\u00bbBodoni Moda|800||on|||||\u00bb header_text_color=\u00bb#FFFFFF\u00bb header_font_size=\u00bb16px\u00bb header_letter_spacing=\u00bb2px\u00bb header_line_height=\u00bb1.2em\u00bb body_font=\u00bbWork Sans||||||||\u00bb body_text_color=\u00bb#FFFFFF\u00bb body_font_size=\u00bb15px\u00bb body_line_height=\u00bb1.6em\u00bb background_layout=\u00bbdark\u00bb custom_margin=\u00bb||||false|false\u00bb custom_margin_tablet=\u00bb||21px|||\u00bb custom_margin_phone=\u00bb|20px||20px|false|false\u00bb custom_margin_last_edited=\u00bbon|phone\u00bb custom_padding=\u00bb||||false|false\u00bb child_filter_hue_rotate=\u00bb359deg\u00bb child_filter_saturate=\u00bb200%\u00bb child_filter_brightness=\u00bb0%\u00bb child_filter_contrast=\u00bb200%\u00bb child_filter_invert=\u00bb100%\u00bb animation=\u00bboff\u00bb header_font_size_tablet=\u00bb14px\u00bb header_font_size_phone=\u00bb\u00bb header_font_size_last_edited=\u00bbon|phone\u00bb body_font_size_tablet=\u00bb\u00bb body_font_size_phone=\u00bb14px\u00bb body_font_size_last_edited=\u00bbon|phone\u00bb border_color_all_image=\u00bb#FFFFFF\u00bb border_color_right_image=\u00bb#EDF000&#8243; image_max_width=\u00bb22px\u00bb image_max_width_tablet=\u00bb22px\u00bb image_max_width_phone=\u00bb20px\u00bb image_max_width_last_edited=\u00bbon|tablet\u00bb locked=\u00bboff\u00bb global_colors_info=\u00bb{%22gcid-4721c02e-63da-4985-9f86-80b98bb29c52%22:%91%22header_text_color%22,%22header_text_color%22,%22header_text_color%22,%22header_text_color%22,%22header_text_color%22,%22header_text_color%22,%22header_text_color%22,%22header_text_color%22,%22header_text_color%22,%22header_text_color%22,%22header_text_color%22,%22header_text_color%22,%22header_text_color%22,%22header_text_color%22%93}\u00bb]<\/p>\n<p>Rigor cient\u00edfico y profesionalidad.<\/p>\n<p>[\/et_pb_blurb][\/et_pb_column][\/et_pb_row][\/et_pb_section][et_pb_section fb_built=\u00bb1&#8243; admin_label=\u00bbFAQ\u00bb _builder_version=\u00bb4.19.3&#8243; _module_preset=\u00bbdefault\u00bb collapsed=\u00bbon\u00bb global_colors_info=\u00bb{}\u00bb][et_pb_row column_structure=\u00bb1_2,1_2&#8243; _builder_version=\u00bb4.20.0&#8243; _module_preset=\u00bbdefault\u00bb global_colors_info=\u00bb{}\u00bb][et_pb_column type=\u00bb1_2&#8243; _builder_version=\u00bb4.19.3&#8243; _module_preset=\u00bbdefault\u00bb global_colors_info=\u00bb{}\u00bb][et_pb_text _builder_version=\u00bb4.24.0&#8243; _module_preset=\u00bba949852c-28c5-43b7-8335-1fd10341f298&#8243; header_2_font=\u00bbBodoni Moda|700|||||||\u00bb header_2_text_color=\u00bb#1D5F7A\u00bb header_2_font_size=\u00bb60px\u00bb custom_margin=\u00bb||||false|false\u00bb hover_enabled=\u00bb0&#8243; header_2_font_size_phone=\u00bb27px\u00bb global_colors_info=\u00bb{}\u00bb sticky_enabled=\u00bb0&#8243; header_2_font_size_last_edited=\u00bbon|phone\u00bb header_2_font_size_tablet=\u00bb40px\u00bb]<\/p>\n<h2>Dr. Carlos \u00c1lvarez<\/h2>\n<p>[\/et_pb_text][et_pb_accordion open_toggle_text_color=\u00bb#1D5F7A\u00bb toggle_icon=\u00bb&#xf067;||fa||900&#8243; _builder_version=\u00bb4.24.0&#8243; _module_preset=\u00bbb9465d57-554c-408b-96ec-38692b2a292d\u00bb toggle_text_color=\u00bb#1D5F7A\u00bb toggle_font=\u00bbBodoni Moda|700|||||||\u00bb toggle_text_align=\u00bbleft\u00bb closed_toggle_font=\u00bb||||||||\u00bb closed_toggle_text_align=\u00bbleft\u00bb body_text_color=\u00bb#1D5F7A\u00bb body_font_size=\u00bb16px\u00bb body_line_height=\u00bb1.8em\u00bb text_orientation=\u00bbjustified\u00bb locked=\u00bboff\u00bb global_colors_info=\u00bb{%22gcid-555099d8-0bfe-48de-9d1d-02daa12bfc00%22:%91%22icon_color%22,%22toggle_text_color%22,%22border_color_all%22,%22icon_color%22,%22border_color_all%22,%22icon_color%22,%22border_color_all%22,%22icon_color%22,%22border_color_all%22,%22icon_color%22,%22border_color_all%22,%22icon_color%22,%22border_color_all%22,%22icon_color%22%93}\u00bb][et_pb_accordion_item title=\u00bbEXPERIENCIA PROFESIONAL\u00bb open=\u00bbon\u00bb _builder_version=\u00bb4.24.0&#8243; _module_preset=\u00bbdefault\u00bb global_colors_info=\u00bb{}\u00bb]<\/p>\n<ul>\n<li>Especialista en Cirug\u00eda Ortop\u00e9dica y Traumatolog\u00eda.<\/li>\n<li>Hospital Universitario Marqu\u00e9s de Valdecilla, Santander.<\/li>\n<li>Coordinador de la Unidad de Cirug\u00eda de Pie y Tobillo. Hospital de Sant Pau, Barcelona<\/li>\n<li>Profesor asociado cl\u00ednico. Universitat Aut\u00f2noma de Barcelona.<\/li>\n<li>Unidad de Cirug\u00eda de Pie y Tobillo. Hospital CIMA, Barcelona.<\/li>\n<li>Universit\u00e4tsspital Basel. Basilea, Suiza.<\/li>\n<li>Academic Medical Center. Amsterdam, Pa\u00edses Bajos.<\/li>\n<\/ul>\n<p>[\/et_pb_accordion_item][et_pb_accordion_item title=\u00bbEXPERIENCIA CL\u00cdNICA &#038; SERVICIOS OFRECIDOS\u00bb _builder_version=\u00bb4.24.0&#8243; _module_preset=\u00bbdefault\u00bb global_colors_info=\u00bb{}\u00bb open=\u00bboff\u00bb]<\/p>\n<ul>\n<li>Correcci\u00f3n quir\u00fargica de patolog\u00eda de pie y tobillo<\/li>\n<li>Manejo de las alteraciones del antepi\u00e9<\/li>\n<li>Lesiones tendinosas y ligamentosas<\/li>\n<li>Lesiones deportivas<\/li>\n<li>Fascitis plantar<\/li>\n<li>Pie de Charcot<\/li>\n<li>Fracturas de pie y tobillo<\/li>\n<li>Artroscopia de tobillo<\/li>\n<li>Cirug\u00eda m\u00ednimamente invasiva<\/li>\n<li>Pie plano<\/li>\n<li>Alteraciones de los patrones de la marcha<\/li>\n<li>Secuelas de antiguas lesiones<\/li>\n<li>Correcci\u00f3n de deformidades cong\u00e9nitas y\/o traum\u00e1ticas<\/li>\n<li>Tendinopat\u00eda de Aquiles<\/li>\n<li>Juanetes (Hallux Abductus Valgus)<\/li>\n<li>Tratamiento del neuroma de Morton<\/li>\n<li>Procedimientos tendosc\u00f3picos<\/li>\n<li>Riz\u00f3lisis<\/li>\n<\/ul>\n<p>[\/et_pb_accordion_item][\/et_pb_accordion][\/et_pb_column][et_pb_column type=\u00bb1_2&#8243; _builder_version=\u00bb4.19.3&#8243; _module_preset=\u00bbdefault\u00bb global_colors_info=\u00bb{}\u00bb][et_pb_image src=\u00bbhttp:\/\/clinicapieytobillo.com\/wp-content\/uploads\/2023\/11\/Carlos.jpg\u00bb title_text=\u00bbCarlos\u00bb _builder_version=\u00bb4.24.0&#8243; _module_preset=\u00bbdefault\u00bb animation_style=\u00bbfade\u00bb global_colors_info=\u00bb{}\u00bb][\/et_pb_image][\/et_pb_column][\/et_pb_row][\/et_pb_section]<\/p>\n","protected":false},"excerpt":{"rendered":"<p>\u00bfQui\u00e9nes somos?Somos el grupo formado por m\u00e9dicos y cirujanos en Santander m\u00e1s especializado en el tratamiento de las lesiones de pie y tobillo.Damos valor al rigor, la profesionalidad y la posibilidad de ofrecer, desde nuestra amplia experiencia, el tratamiento m\u00e1s adecuado para cada paciente. Dirigimos nuestros esfuerzos y conocimiento para realizar un diagn\u00f3stico adecuado, apoy\u00e1ndonos [&hellip;]<\/p>\n","protected":false},"author":1,"featured_media":0,"parent":0,"menu_order":0,"comment_status":"closed","ping_status":"closed","template":"","meta":{"_et_pb_use_builder":"on","_et_pb_old_content":"","_et_gb_content_width":"","footnotes":""},"aioseo_notices":[],"_links":{"self":[{"href":"https:\/\/clinicapieytobillo.com\/index.php?rest_route=\/wp\/v2\/pages\/71"}],"collection":[{"href":"https:\/\/clinicapieytobillo.com\/index.php?rest_route=\/wp\/v2\/pages"}],"about":[{"href":"https:\/\/clinicapieytobillo.com\/index.php?rest_route=\/wp\/v2\/types\/page"}],"author":[{"embeddable":true,"href":"https:\/\/clinicapieytobillo.com\/index.php?rest_route=\/wp\/v2\/users\/1"}],"replies":[{"embeddable":true,"href":"https:\/\/clinicapieytobillo.com\/index.php?rest_route=%2Fwp%2Fv2%2Fcomments&post=71"}],"version-history":[{"count":21,"href":"https:\/\/clinicapieytobillo.com\/index.php?rest_route=\/wp\/v2\/pages\/71\/revisions"}],"predecessor-version":[{"id":289,"href":"https:\/\/clinicapieytobillo.com\/index.php?rest_route=\/wp\/v2\/pages\/71\/revisions\/289"}],"wp:attachment":[{"href":"https:\/\/clinicapieytobillo.com\/index.php?rest_route=%2Fwp%2Fv2%2Fmedia&parent=71"}],"curies":[{"name":"wp","href":"https:\/\/api.w.org\/{rel}","templated":true}]}}