{"id":62,"date":"2023-10-15T12:32:58","date_gmt":"2023-10-15T15:32:58","guid":{"rendered":"https:\/\/clinicapieytobillo.com\/?page_id=62"},"modified":"2025-05-09T07:25:00","modified_gmt":"2025-05-09T10:25:00","slug":"contactanos","status":"publish","type":"page","link":"https:\/\/clinicapieytobillo.com\/?page_id=62","title":{"rendered":"Contactanos"},"content":{"rendered":"<p>[et_pb_section fb_built=\u00bb1&#8243; admin_label=\u00bbHeader\u00bb _builder_version=\u00bb4.19.3&#8243; _module_preset=\u00bbdefault\u00bb locked=\u00bboff\u00bb collapsed=\u00bbon\u00bb global_colors_info=\u00bb{}\u00bb][et_pb_row column_structure=\u00bb1_2,1_2&#8243; make_equal=\u00bbon\u00bb _builder_version=\u00bb4.22.2&#8243; _module_preset=\u00bbdefault\u00bb global_colors_info=\u00bb{}\u00bb][et_pb_column type=\u00bb1_2&#8243; _builder_version=\u00bb4.19.3&#8243; _module_preset=\u00bbdefault\u00bb z_index=\u00bb10&#8243; custom_padding=\u00bb4%||||false|false\u00bb custom_padding_tablet=\u00bb0%||||false|false\u00bb custom_padding_phone=\u00bb0%||||false|false\u00bb custom_padding_last_edited=\u00bbon|tablet\u00bb global_colors_info=\u00bb{}\u00bb][et_pb_text _builder_version=\u00bb4.24.0&#8243; _module_preset=\u00bb82e49d9a-5e3c-4bb0-be69-fc193b0c6045&#8243; text_font=\u00bbBodoni Moda||||||||\u00bb text_font_size=\u00bb16px\u00bb header_font=\u00bbBodoni Moda|600|||||||\u00bb header_text_color=\u00bb#1D5F7A\u00bb text_orientation=\u00bbjustified\u00bb custom_margin=\u00bb||||false|false\u00bb custom_margin_tablet=\u00bb|0%|||false|false\u00bb custom_margin_phone=\u00bb|0%|||false|false\u00bb custom_margin_last_edited=\u00bbon|tablet\u00bb header_font_size_tablet=\u00bb\u00bb header_font_size_phone=\u00bb26px\u00bb header_font_size_last_edited=\u00bbon|phone\u00bb global_colors_info=\u00bb{}\u00bb]<\/p>\n<h1>Pedir Cita<\/h1>\n<p>Env\u00edanos un mensaje con tus datos y nos pondremos en contacto para concretar tu cita.<\/p>\n<p>[\/et_pb_text][et_pb_contact_form captcha=\u00bboff\u00bb _builder_version=\u00bb4.23.4&#8243; _module_preset=\u00bb76fb258b-2358-49c0-98a9-54a59e8d51d6&#8243; form_field_text_color=\u00bb#1D5F7A\u00bb form_field_focus_text_color=\u00bb#1D5F7A\u00bb title_font=\u00bbBodoni Moda||||||||\u00bb form_field_font=\u00bbBodoni Moda|600||on|||||\u00bb form_field_font_size=\u00bb14px\u00bb form_field_line_height=\u00bb1.2em\u00bb background_color=\u00bb#FFFFFF\u00bb button_border_radius=\u00bb0px\u00bb button_letter_spacing=\u00bb2px\u00bb button_font=\u00bbBodoni Moda|600||on|||||\u00bb custom_margin=\u00bb|-48%|||false|false\u00bb custom_margin_tablet=\u00bb|0%|||false|false\u00bb custom_margin_phone=\u00bb|0%|||false|false\u00bb custom_margin_last_edited=\u00bbon|desktop\u00bb custom_padding=\u00bb60px|60px|60px||true|false\u00bb custom_padding_tablet=\u00bb30px|0px|30px|0px|true|true\u00bb custom_padding_phone=\u00bb20px||20px||true|true\u00bb custom_padding_last_edited=\u00bbon|desktop\u00bb locked=\u00bboff\u00bb global_colors_info=\u00bb{%22gcid-555099d8-0bfe-48de-9d1d-02daa12bfc00%22:%91%22button_bg_color%22%93,%22gcid-a7422b2f-47f3-46f2-9b9e-dc87bab6d79c%22:%91%22background_color%22%93}\u00bb][et_pb_contact_field field_id=\u00bbName\u00bb field_title=\u00bbNombre\u00bb _builder_version=\u00bb4.22.2&#8243; _module_preset=\u00bbdefault\u00bb global_colors_info=\u00bb{}\u00bb button_text_size__hover_enabled=\u00bboff\u00bb button_one_text_size__hover_enabled=\u00bboff\u00bb button_two_text_size__hover_enabled=\u00bboff\u00bb button_text_color__hover_enabled=\u00bboff\u00bb button_one_text_color__hover_enabled=\u00bboff\u00bb button_two_text_color__hover_enabled=\u00bboff\u00bb button_border_width__hover_enabled=\u00bboff\u00bb button_one_border_width__hover_enabled=\u00bboff\u00bb button_two_border_width__hover_enabled=\u00bboff\u00bb button_border_color__hover_enabled=\u00bboff\u00bb button_one_border_color__hover_enabled=\u00bboff\u00bb button_two_border_color__hover_enabled=\u00bboff\u00bb button_border_radius__hover_enabled=\u00bboff\u00bb button_one_border_radius__hover_enabled=\u00bboff\u00bb button_two_border_radius__hover_enabled=\u00bboff\u00bb button_letter_spacing__hover_enabled=\u00bboff\u00bb button_one_letter_spacing__hover_enabled=\u00bboff\u00bb button_two_letter_spacing__hover_enabled=\u00bboff\u00bb button_bg_color__hover_enabled=\u00bboff\u00bb button_one_bg_color__hover_enabled=\u00bboff\u00bb button_two_bg_color__hover_enabled=\u00bboff\u00bb][\/et_pb_contact_field][et_pb_contact_field field_id=\u00bbEmail\u00bb field_title=\u00bbEmail \u00bb field_type=\u00bbemail\u00bb _builder_version=\u00bb4.22.2&#8243; _module_preset=\u00bbdefault\u00bb global_colors_info=\u00bb{}\u00bb button_text_size__hover_enabled=\u00bboff\u00bb button_one_text_size__hover_enabled=\u00bboff\u00bb button_two_text_size__hover_enabled=\u00bboff\u00bb button_text_color__hover_enabled=\u00bboff\u00bb button_one_text_color__hover_enabled=\u00bboff\u00bb button_two_text_color__hover_enabled=\u00bboff\u00bb button_border_width__hover_enabled=\u00bboff\u00bb button_one_border_width__hover_enabled=\u00bboff\u00bb button_two_border_width__hover_enabled=\u00bboff\u00bb button_border_color__hover_enabled=\u00bboff\u00bb button_one_border_color__hover_enabled=\u00bboff\u00bb button_two_border_color__hover_enabled=\u00bboff\u00bb button_border_radius__hover_enabled=\u00bboff\u00bb button_one_border_radius__hover_enabled=\u00bboff\u00bb button_two_border_radius__hover_enabled=\u00bboff\u00bb button_letter_spacing__hover_enabled=\u00bboff\u00bb button_one_letter_spacing__hover_enabled=\u00bboff\u00bb button_two_letter_spacing__hover_enabled=\u00bboff\u00bb button_bg_color__hover_enabled=\u00bboff\u00bb button_one_bg_color__hover_enabled=\u00bboff\u00bb button_two_bg_color__hover_enabled=\u00bboff\u00bb][\/et_pb_contact_field][et_pb_contact_field field_id=\u00bbField_4&#8243; field_title=\u00bbTelefono\u00bb allowed_symbols=\u00bbnumbers\u00bb fullwidth_field=\u00bbon\u00bb _builder_version=\u00bb4.22.2&#8243; _module_preset=\u00bbdefault\u00bb global_colors_info=\u00bb{}\u00bb][\/et_pb_contact_field][et_pb_contact_field field_id=\u00bbMessage\u00bb field_title=\u00bbMensaje\u00bb field_type=\u00bbtext\u00bb fullwidth_field=\u00bbon\u00bb _builder_version=\u00bb4.22.2&#8243; _module_preset=\u00bbdefault\u00bb global_colors_info=\u00bb{}\u00bb button_text_size__hover_enabled=\u00bboff\u00bb button_one_text_size__hover_enabled=\u00bboff\u00bb button_two_text_size__hover_enabled=\u00bboff\u00bb button_text_color__hover_enabled=\u00bboff\u00bb button_one_text_color__hover_enabled=\u00bboff\u00bb button_two_text_color__hover_enabled=\u00bboff\u00bb button_border_width__hover_enabled=\u00bboff\u00bb button_one_border_width__hover_enabled=\u00bboff\u00bb button_two_border_width__hover_enabled=\u00bboff\u00bb button_border_color__hover_enabled=\u00bboff\u00bb button_one_border_color__hover_enabled=\u00bboff\u00bb button_two_border_color__hover_enabled=\u00bboff\u00bb button_border_radius__hover_enabled=\u00bboff\u00bb button_one_border_radius__hover_enabled=\u00bboff\u00bb button_two_border_radius__hover_enabled=\u00bboff\u00bb button_letter_spacing__hover_enabled=\u00bboff\u00bb button_one_letter_spacing__hover_enabled=\u00bboff\u00bb button_two_letter_spacing__hover_enabled=\u00bboff\u00bb button_bg_color__hover_enabled=\u00bboff\u00bb button_one_bg_color__hover_enabled=\u00bboff\u00bb button_two_bg_color__hover_enabled=\u00bboff\u00bb][\/et_pb_contact_field][\/et_pb_contact_form][\/et_pb_column][et_pb_column type=\u00bb1_2&#8243; _builder_version=\u00bb4.22.2&#8243; _module_preset=\u00bbdefault\u00bb background_image=\u00bbhttp:\/\/clinicapieytobillo.com\/wp-content\/uploads\/2023\/11\/pies-tronco.jpg\u00bb global_colors_info=\u00bb{}\u00bb][et_pb_divider show_divider=\u00bboff\u00bb _builder_version=\u00bb4.19.5&#8243; _module_preset=\u00bbdefault\u00bb height_tablet=\u00bb40vw\u00bb height_phone=\u00bb40vw\u00bb height_last_edited=\u00bbon|desktop\u00bb global_colors_info=\u00bb{}\u00bb][\/et_pb_divider][\/et_pb_column][\/et_pb_row][et_pb_row column_structure=\u00bb1_2,1_2&#8243; _builder_version=\u00bb4.20.0&#8243; _module_preset=\u00bbdefault\u00bb global_colors_info=\u00bb{}\u00bb][et_pb_column type=\u00bb1_2&#8243; _builder_version=\u00bb4.20.0&#8243; _module_preset=\u00bbdefault\u00bb global_colors_info=\u00bb{}\u00bb][et_pb_text _builder_version=\u00bb4.24.0&#8243; _module_preset=\u00bb0c1e0f92-04c9-4edd-920b-905e24e6fe95&#8243; header_2_font=\u00bbBodoni Moda|600|||||||\u00bb header_2_text_color=\u00bb#1D5F7A\u00bb header_2_font_size=\u00bb60px\u00bb custom_margin_tablet=\u00bb|0%|||false|false\u00bb custom_margin_phone=\u00bb|0%|||false|false\u00bb custom_margin_last_edited=\u00bboff|desktop\u00bb header_2_font_size_tablet=\u00bb40px\u00bb header_2_font_size_phone=\u00bb26px\u00bb header_2_font_size_last_edited=\u00bbon|phone\u00bb locked=\u00bboff\u00bb global_colors_info=\u00bb{}\u00bb]<\/p>\n<h2>Nuestro horario<\/h2>\n<p>[\/et_pb_text][et_pb_text _builder_version=\u00bb4.25.1&#8243; _module_preset=\u00bb5d2e3f1a-943c-43f9-9d08-fb4068eb391b\u00bb text_font=\u00bbBodoni Moda||||||||\u00bb text_font_size=\u00bb16px\u00bb link_text_color=\u00bbgcid-1b9885b1-d5db-4c39-ab49-d8f90e824600&#8243; hover_enabled=\u00bb0&#8243; locked=\u00bboff\u00bb global_colors_info=\u00bb{%22gcid-1b9885b1-d5db-4c39-ab49-d8f90e824600%22:%91%22text_text_color%22,%22link_text_color%22%93}\u00bb sticky_enabled=\u00bb0&#8243;]<\/p>\n<p>Edificio CCM Momp\u00eda.<\/p>\n<p>Avda. Santa Cruz, 56. Sta Cruz de Bezana, Cantabria.<\/p>\n<p>[\/et_pb_text][et_pb_text _builder_version=\u00bb4.25.1&#8243; _module_preset=\u00bb5d2e3f1a-943c-43f9-9d08-fb4068eb391b\u00bb text_font=\u00bbBodoni Moda||||||||\u00bb text_font_size=\u00bb16px\u00bb link_text_color=\u00bbgcid-1b9885b1-d5db-4c39-ab49-d8f90e824600&#8243; hover_enabled=\u00bb0&#8243; locked=\u00bboff\u00bb global_colors_info=\u00bb{%22gcid-1b9885b1-d5db-4c39-ab49-d8f90e824600%22:%91%22text_text_color%22,%22link_text_color%22,%22text_text_color%22,%22link_text_color%22%93}\u00bb sticky_enabled=\u00bb0&#8243;]<\/p>\n<p>Tel\u00e9fono: <a href=\"&lt;a%20href=&quot;tel:+34678567876&quot;&gt;&lt;\/a&gt;\">942 010 400<\/a><\/p>\n<p>[\/et_pb_text][et_pb_text _builder_version=\u00bb4.24.0&#8243; _module_preset=\u00bb5d2e3f1a-943c-43f9-9d08-fb4068eb391b\u00bb text_font=\u00bbBodoni Moda||||||||\u00bb text_font_size=\u00bb16px\u00bb link_text_color=\u00bbgcid-1b9885b1-d5db-4c39-ab49-d8f90e824600&#8243; locked=\u00bboff\u00bb global_colors_info=\u00bb{%22gcid-1b9885b1-d5db-4c39-ab49-d8f90e824600%22:%91%22text_text_color%22,%22link_text_color%22,%22text_text_color%22,%22link_text_color%22%93}\u00bb]<\/p>\n<p><a href=\"mailto:#\">info@clinicapieytobillo.com<\/a><\/p>\n<p>[\/et_pb_text][\/et_pb_column][et_pb_column type=\u00bb1_2&#8243; _builder_version=\u00bb4.20.0&#8243; _module_preset=\u00bbdefault\u00bb global_colors_info=\u00bb{}\u00bb][et_pb_text _builder_version=\u00bb4.24.0&#8243; _module_preset=\u00bb5d2e3f1a-943c-43f9-9d08-fb4068eb391b\u00bb text_font=\u00bbBodoni Moda||||||||\u00bb text_font_size=\u00bb16px\u00bb link_text_color=\u00bbgcid-1b9885b1-d5db-4c39-ab49-d8f90e824600&#8243; global_colors_info=\u00bb{%22gcid-1b9885b1-d5db-4c39-ab49-d8f90e824600%22:%91%22text_text_color%22,%22link_text_color%22%93}\u00bb]<\/p>\n<table class=\"c-hours-details\" style=\"height: 280px; width: 376px;\">\n<tbody>\n<tr class=\"c-hours-details-row js-day-of-week-row highlight-text\" data-day-of-week-start-index=\"6\" data-day-of-week-end-index=\"6\" itemprop=\"openingHours\" content=\"Sa Closed\" style=\"height: 24px;\">\n<td class=\"c-hours-details-row-day\" style=\"height: 24px; width: 85.9453px;\">LUN<\/td>\n<td class=\"c-hours-details-row-intervals\" style=\"height: 24px; width: 274.055px;\"><span class=\"c-hours-details-row-intervals-instance js-hours-interval-instance\" data-twenty-four-hour-clock=\"false\" data-open-interval-start=\"800\" data-open-interval-end=\"1700\" data-midnight-text=\"Open until midnight\" data-open-until-text=\"Open until\" data-close-at-text=\"Closed at\"><span class=\"c-hours-details-row-intervals-instance-open\">10:00 a 13:00<\/span><span class=\"c-hours-details-row-intervals-instance-separator\" aria-label=\"To\"><span>\u00a0<\/span>&#8211;<span> 16:30 a 20<\/span><\/span><span class=\"c-hours-details-row-intervals-instance-close\">:00\u00a0<\/span><\/span><\/td>\n<\/tr>\n<tr class=\"c-hours-details-row js-day-of-week-row highlight-text\" data-day-of-week-start-index=\"0\" data-day-of-week-end-index=\"0\" itemprop=\"openingHours\" content=\"Su Closed\" style=\"height: 24px;\">\n<td class=\"c-hours-details-row-day\" style=\"height: 24px; width: 85.9453px;\">MAR<\/td>\n<td class=\"c-hours-details-row-intervals\" style=\"height: 24px; width: 274.055px;\"><span class=\"c-hours-details-row-intervals-instance js-hours-interval-instance\" data-twenty-four-hour-clock=\"false\" data-open-interval-start=\"800\" data-open-interval-end=\"1700\" data-midnight-text=\"Open until midnight\" data-open-until-text=\"Open until\" data-close-at-text=\"Closed at\"><span class=\"c-hours-details-row-intervals-instance-open\">10:00 a 13:00<\/span><span class=\"c-hours-details-row-intervals-instance-separator\" aria-label=\"To\"><span>\u00a0<\/span>&#8211;<span> 16:30 a 20<\/span><\/span><span class=\"c-hours-details-row-intervals-instance-close\">:00\u00a0<\/span><\/span><\/td>\n<\/tr>\n<tr class=\"c-hours-details-row js-day-of-week-row highlight-text\" data-day-of-week-start-index=\"5\" data-day-of-week-end-index=\"5\" itemprop=\"openingHours\" content=\"Fr 8:00-17:00\" style=\"height: 24px;\">\n<td class=\"c-hours-details-row-day\" style=\"height: 24px; width: 85.9453px;\">MIE<\/td>\n<td class=\"c-hours-details-row-intervals\" style=\"height: 24px; width: 274.055px;\"><span class=\"c-hours-details-row-intervals-instance js-hours-interval-instance\" data-twenty-four-hour-clock=\"false\" data-open-interval-start=\"800\" data-open-interval-end=\"1700\" data-midnight-text=\"Open until midnight\" data-open-until-text=\"Open until\" data-close-at-text=\"Closed at\"><span class=\"c-hours-details-row-intervals-instance-open\">10:00 a 13:00<\/span><span class=\"c-hours-details-row-intervals-instance-separator\" aria-label=\"To\"><span>\u00a0<\/span>&#8211;<span> 16:30 a 20<\/span><\/span><span class=\"c-hours-details-row-intervals-instance-close\">:00\u00a0<\/span><\/span><\/td>\n<\/tr>\n<tr class=\"c-hours-details-row js-day-of-week-row highlight-text\" data-day-of-week-start-index=\"1\" data-day-of-week-end-index=\"1\" itemprop=\"openingHours\" content=\"Mo 8:00-17:00\" style=\"height: 24px;\">\n<td class=\"c-hours-details-row-day\" style=\"height: 24px; width: 85.9453px;\">JUE<\/td>\n<td class=\"c-hours-details-row-intervals\" style=\"height: 24px; width: 274.055px;\"><span class=\"c-hours-details-row-intervals-instance js-hours-interval-instance\" data-twenty-four-hour-clock=\"false\" data-open-interval-start=\"800\" data-open-interval-end=\"1700\" data-midnight-text=\"Open until midnight\" data-open-until-text=\"Open until\" data-close-at-text=\"Closed at\"><span class=\"c-hours-details-row-intervals-instance-open\">10:00 a 13:00<\/span><span class=\"c-hours-details-row-intervals-instance-separator\" aria-label=\"To\"><span>\u00a0<\/span>&#8211;<span> 16:30 a 20<\/span><\/span><span class=\"c-hours-details-row-intervals-instance-close\">:00\u00a0<\/span><\/span><\/td>\n<\/tr>\n<tr class=\"c-hours-details-row js-day-of-week-row highlight-text\" data-day-of-week-start-index=\"2\" data-day-of-week-end-index=\"2\" itemprop=\"openingHours\" content=\"Tu 8:00-17:00\" style=\"height: 24px;\">\n<td class=\"c-hours-details-row-day\" style=\"height: 24px; width: 85.9453px;\">VIE<\/td>\n<td class=\"c-hours-details-row-intervals\" style=\"height: 24px; width: 274.055px;\"><span class=\"c-hours-details-row-intervals-instance js-hours-interval-instance\" data-twenty-four-hour-clock=\"false\" data-open-interval-start=\"800\" data-open-interval-end=\"1700\" data-midnight-text=\"Open until midnight\" data-open-until-text=\"Open until\" data-close-at-text=\"Closed at\"><span class=\"c-hours-details-row-intervals-instance-open\">10:00 a 13:00<\/span><span class=\"c-hours-details-row-intervals-instance-separator\" aria-label=\"To\"><span>\u00a0<\/span>&#8211;<span> 16:30 a 20<\/span><\/span><span class=\"c-hours-details-row-intervals-instance-close\">:00\u00a0<\/span><\/span><\/td>\n<\/tr>\n<\/tbody>\n<\/table>\n<p>[\/et_pb_text][\/et_pb_column][\/et_pb_row][\/et_pb_section]<\/p>\n","protected":false},"excerpt":{"rendered":"<p>Pedir Cita Env\u00edanos un mensaje con tus datos y nos pondremos en contacto para concretar tu cita.Nuestro horarioEdificio CCM Momp\u00eda. Avda. Santa Cruz, 56. Sta Cruz de Bezana, Cantabria.Tel\u00e9fono: 942 010 400info@clinicapieytobillo.com LUN 10:00 a 13:00\u00a0&#8211; 16:30 a 20:00\u00a0 MAR 10:00 a 13:00\u00a0&#8211; 16:30 a 20:00\u00a0 MIE 10:00 a 13:00\u00a0&#8211; 16:30 a 20:00\u00a0 JUE 10:00 [&hellip;]<\/p>\n","protected":false},"author":1,"featured_media":0,"parent":0,"menu_order":0,"comment_status":"closed","ping_status":"closed","template":"","meta":{"_et_pb_use_builder":"on","_et_pb_old_content":"","_et_gb_content_width":"","footnotes":""},"aioseo_notices":[],"_links":{"self":[{"href":"https:\/\/clinicapieytobillo.com\/index.php?rest_route=\/wp\/v2\/pages\/62"}],"collection":[{"href":"https:\/\/clinicapieytobillo.com\/index.php?rest_route=\/wp\/v2\/pages"}],"about":[{"href":"https:\/\/clinicapieytobillo.com\/index.php?rest_route=\/wp\/v2\/types\/page"}],"author":[{"embeddable":true,"href":"https:\/\/clinicapieytobillo.com\/index.php?rest_route=\/wp\/v2\/users\/1"}],"replies":[{"embeddable":true,"href":"https:\/\/clinicapieytobillo.com\/index.php?rest_route=%2Fwp%2Fv2%2Fcomments&post=62"}],"version-history":[{"count":13,"href":"https:\/\/clinicapieytobillo.com\/index.php?rest_route=\/wp\/v2\/pages\/62\/revisions"}],"predecessor-version":[{"id":350,"href":"https:\/\/clinicapieytobillo.com\/index.php?rest_route=\/wp\/v2\/pages\/62\/revisions\/350"}],"wp:attachment":[{"href":"https:\/\/clinicapieytobillo.com\/index.php?rest_route=%2Fwp%2Fv2%2Fmedia&parent=62"}],"curies":[{"name":"wp","href":"https:\/\/api.w.org\/{rel}","templated":true}]}}